{"id":2069,"date":"2019-06-28T12:14:05","date_gmt":"2019-06-28T10:14:05","guid":{"rendered":"http:\/\/hotel-svatytomas.cz\/fotogalerie\/daleke-vyhledy-z-vitkova-hradku\/"},"modified":"2019-07-15T20:54:19","modified_gmt":"2019-07-15T18:54:19","slug":"far-views-from-vitkuv-hradek","status":"publish","type":"page","link":"https:\/\/hotel-svatytomas.cz\/en\/photogallery\/far-views-from-vitkuv-hradek\/","title":{"rendered":"Far Views from V\u00edtk\u016fv Hr\u00e1dek"},"content":{"rendered":"<div id=\"69ed2ffb91904\" class=\"gg_gallery_wrap gg_masonry_gallery gid_1993 gg_hidden_ol gg_ol_bottom_mode gg_main_ol_show_on_h \" data-gg_ol=\"default\" data-col-num=\"4\" data-ggom_fx=\"\" data-ggom_timing=\"300\" rel=\"1993\" data-nores-txt=\"No images found in this page\">      <div class=\"gg_loader\">  <div class=\"ggl_1\"><\/div>  <div class=\"ggl_2\"><\/div>  <div class=\"ggl_3\"><\/div>  <div class=\"ggl_4\"><\/div><\/div>  <div class=\"gg_container\"><div class=\"gg_img \" data-gg-url=\"https:\/\/hotel-svatytomas.cz\/wp-content\/uploads\/2019\/06\/01-vitkuv-hradek-ze-zhora.jpg\" data-gg-title=\"01-vitkuv-hradek-ze-zhora\" data-gg-author=\"\" data-gg-descr=\"\" data-img-id=\"0\" rel=\"1993\">  <div class=\"gg_img_inner\"><div class=\"gg_main_img_wrap\"><div class=\"gg_img_wrap_inner\"><img src=\"\" data-gg-lazy-src=\"\/\/hotel-svatytomas.cz\/wp-content\/uploads\/ewpt_cache\/390x0_90_1_c_FFFFFF_f873d24c4d0d9b723ca062172435ed3a.jpg\" alt=\"01-vitkuv-hradek-ze-zhora\" class=\"gg_photo gg_main_thumb\" \/><noscript><img src=\"https:\/\/hotel-svatytomas.cz\/wp-content\/uploads\/2019\/06\/01-vitkuv-hradek-ze-zhora.jpg\" alt=\"01-vitkuv-hradek-ze-zhora\" \/><\/noscript><\/div><\/div><div class=\"gg_overlays\"><\/div><\/div><\/div><div class=\"gg_img \" data-gg-url=\"https:\/\/hotel-svatytomas.cz\/wp-content\/uploads\/2019\/06\/02-interier.jpg\" data-gg-title=\"02-interier\" data-gg-author=\"\" data-gg-descr=\"\" data-img-id=\"1\" rel=\"1993\">  <div class=\"gg_img_inner\"><div class=\"gg_main_img_wrap\"><div class=\"gg_img_wrap_inner\"><img src=\"\" data-gg-lazy-src=\"\/\/hotel-svatytomas.cz\/wp-content\/uploads\/ewpt_cache\/390x0_90_1_c_FFFFFF_47770acb1078d34cccbc151490b6fcd0.jpg\" alt=\"02-interier\" class=\"gg_photo gg_main_thumb\" \/><noscript><img src=\"https:\/\/hotel-svatytomas.cz\/wp-content\/uploads\/2019\/06\/02-interier.jpg\" alt=\"02-interier\" \/><\/noscript><\/div><\/div><div class=\"gg_overlays\"><\/div><\/div><\/div><div class=\"gg_img \" data-gg-url=\"https:\/\/hotel-svatytomas.cz\/wp-content\/uploads\/2019\/06\/11-1.jpg\" data-gg-title=\"OLYMPUS DIGITAL CAMERA\" data-gg-author=\"\" data-gg-descr=\"\" data-img-id=\"2\" rel=\"1993\">  <div class=\"gg_img_inner\"><div class=\"gg_main_img_wrap\"><div class=\"gg_img_wrap_inner\"><img src=\"\" data-gg-lazy-src=\"\/\/hotel-svatytomas.cz\/wp-content\/uploads\/ewpt_cache\/390x0_90_1_c_FFFFFF_e468c6221af9eccb17dd5cf04135d979.jpg\" alt=\"OLYMPUS DIGITAL CAMERA\" class=\"gg_photo gg_main_thumb\" \/><noscript><img src=\"https:\/\/hotel-svatytomas.cz\/wp-content\/uploads\/2019\/06\/11-1.jpg\" alt=\"OLYMPUS DIGITAL CAMERA\" \/><\/noscript><\/div><\/div><div class=\"gg_overlays\"><\/div><\/div><\/div><div class=\"gg_img \" data-gg-url=\"https:\/\/hotel-svatytomas.cz\/wp-content\/uploads\/2019\/06\/02c.jpg\" data-gg-title=\"SONY DSC\" data-gg-author=\"\" data-gg-descr=\"\" data-img-id=\"3\" rel=\"1993\">  <div class=\"gg_img_inner\"><div class=\"gg_main_img_wrap\"><div class=\"gg_img_wrap_inner\"><img src=\"\" data-gg-lazy-src=\"\/\/hotel-svatytomas.cz\/wp-content\/uploads\/ewpt_cache\/390x0_90_1_c_FFFFFF_66a19b97cb803059eae76df06e599b62.jpg\" alt=\"SONY DSC\" class=\"gg_photo gg_main_thumb\" \/><noscript><img src=\"https:\/\/hotel-svatytomas.cz\/wp-content\/uploads\/2019\/06\/02c.jpg\" alt=\"SONY DSC\" \/><\/noscript><\/div><\/div><div class=\"gg_overlays\"><\/div><\/div><\/div><div class=\"gg_img \" data-gg-url=\"https:\/\/hotel-svatytomas.cz\/wp-content\/uploads\/2019\/06\/02d.jpg\" data-gg-title=\"02d\" data-gg-author=\"\" data-gg-descr=\"\" data-img-id=\"4\" rel=\"1993\">  <div class=\"gg_img_inner\"><div class=\"gg_main_img_wrap\"><div class=\"gg_img_wrap_inner\"><img src=\"\" data-gg-lazy-src=\"\/\/hotel-svatytomas.cz\/wp-content\/uploads\/ewpt_cache\/390x0_90_1_c_FFFFFF_08d7b68bc52cd7c28e992ea861e9be36.jpg\" alt=\"02d\" class=\"gg_photo gg_main_thumb\" \/><noscript><img src=\"https:\/\/hotel-svatytomas.cz\/wp-content\/uploads\/2019\/06\/02d.jpg\" alt=\"02d\" \/><\/noscript><\/div><\/div><div class=\"gg_overlays\"><\/div><\/div><\/div><div class=\"gg_img \" data-gg-url=\"https:\/\/hotel-svatytomas.cz\/wp-content\/uploads\/2019\/06\/02a-vitkuv-hradek-zdivo.jpg\" data-gg-title=\"02a-vitkuv-hradek-zdivo\" data-gg-author=\"\" data-gg-descr=\"\" data-img-id=\"5\" rel=\"1993\">  <div class=\"gg_img_inner\"><div class=\"gg_main_img_wrap\"><div class=\"gg_img_wrap_inner\"><img src=\"\" data-gg-lazy-src=\"\/\/hotel-svatytomas.cz\/wp-content\/uploads\/ewpt_cache\/390x0_90_1_c_FFFFFF_d1fa53c34e1a374bbcaff24b6d0b213b.jpg\" alt=\"02a-vitkuv-hradek-zdivo\" class=\"gg_photo gg_main_thumb\" \/><noscript><img src=\"https:\/\/hotel-svatytomas.cz\/wp-content\/uploads\/2019\/06\/02a-vitkuv-hradek-zdivo.jpg\" alt=\"02a-vitkuv-hradek-zdivo\" \/><\/noscript><\/div><\/div><div class=\"gg_overlays\"><\/div><\/div><\/div><div class=\"gg_img \" data-gg-url=\"https:\/\/hotel-svatytomas.cz\/wp-content\/uploads\/2019\/06\/02b-vitkuv-hradek-studna.jpg\" data-gg-title=\"02b-vitkuv-hradek-studna\" data-gg-author=\"\" data-gg-descr=\"\" data-img-id=\"6\" rel=\"1993\">  <div class=\"gg_img_inner\"><div class=\"gg_main_img_wrap\"><div class=\"gg_img_wrap_inner\"><img src=\"\" data-gg-lazy-src=\"\/\/hotel-svatytomas.cz\/wp-content\/uploads\/ewpt_cache\/390x0_90_1_c_FFFFFF_a0eccc534008ac6fca2183598b88f43b.jpg\" alt=\"02b-vitkuv-hradek-studna\" class=\"gg_photo gg_main_thumb\" \/><noscript><img src=\"https:\/\/hotel-svatytomas.cz\/wp-content\/uploads\/2019\/06\/02b-vitkuv-hradek-studna.jpg\" alt=\"02b-vitkuv-hradek-studna\" \/><\/noscript><\/div><\/div><div class=\"gg_overlays\"><\/div><\/div><\/div><div class=\"gg_img \" data-gg-url=\"https:\/\/hotel-svatytomas.cz\/wp-content\/uploads\/2019\/06\/03-2.jpg\" data-gg-title=\"OLYMPUS DIGITAL CAMERA\" data-gg-author=\"\" data-gg-descr=\"\" data-img-id=\"7\" rel=\"1993\">  <div class=\"gg_img_inner\"><div class=\"gg_main_img_wrap\"><div class=\"gg_img_wrap_inner\"><img src=\"\" data-gg-lazy-src=\"\/\/hotel-svatytomas.cz\/wp-content\/uploads\/ewpt_cache\/390x0_90_1_c_FFFFFF_44988d41aced4da711bc2fab00d3362c.jpg\" alt=\"OLYMPUS DIGITAL CAMERA\" class=\"gg_photo gg_main_thumb\" \/><noscript><img src=\"https:\/\/hotel-svatytomas.cz\/wp-content\/uploads\/2019\/06\/03-2.jpg\" alt=\"OLYMPUS DIGITAL CAMERA\" \/><\/noscript><\/div><\/div><div class=\"gg_overlays\"><\/div><\/div><\/div><div class=\"gg_img \" data-gg-url=\"https:\/\/hotel-svatytomas.cz\/wp-content\/uploads\/2019\/06\/10-1.jpg\" data-gg-title=\"OLYMPUS DIGITAL CAMERA\" data-gg-author=\"\" data-gg-descr=\"\" data-img-id=\"8\" rel=\"1993\">  <div class=\"gg_img_inner\"><div class=\"gg_main_img_wrap\"><div class=\"gg_img_wrap_inner\"><img src=\"\" data-gg-lazy-src=\"\/\/hotel-svatytomas.cz\/wp-content\/uploads\/ewpt_cache\/390x0_90_1_c_FFFFFF_d700c3ba82974cef61ba36e2c0d4a4eb.jpg\" alt=\"OLYMPUS DIGITAL CAMERA\" class=\"gg_photo gg_main_thumb\" \/><noscript><img src=\"https:\/\/hotel-svatytomas.cz\/wp-content\/uploads\/2019\/06\/10-1.jpg\" alt=\"OLYMPUS DIGITAL CAMERA\" \/><\/noscript><\/div><\/div><div class=\"gg_overlays\"><\/div><\/div><\/div><div class=\"gg_img \" data-gg-url=\"https:\/\/hotel-svatytomas.cz\/wp-content\/uploads\/2019\/06\/09-1.jpg\" data-gg-title=\"OLYMPUS DIGITAL CAMERA\" data-gg-author=\"\" data-gg-descr=\"\" data-img-id=\"9\" rel=\"1993\">  <div class=\"gg_img_inner\"><div class=\"gg_main_img_wrap\"><div class=\"gg_img_wrap_inner\"><img src=\"\" data-gg-lazy-src=\"\/\/hotel-svatytomas.cz\/wp-content\/uploads\/ewpt_cache\/390x0_90_1_c_FFFFFF_3c8512c3318b74105f2a8420399ba6ef.jpg\" alt=\"OLYMPUS DIGITAL CAMERA\" class=\"gg_photo gg_main_thumb\" \/><noscript><img src=\"https:\/\/hotel-svatytomas.cz\/wp-content\/uploads\/2019\/06\/09-1.jpg\" alt=\"OLYMPUS DIGITAL CAMERA\" \/><\/noscript><\/div><\/div><div class=\"gg_overlays\"><\/div><\/div><\/div><div class=\"gg_img \" data-gg-url=\"https:\/\/hotel-svatytomas.cz\/wp-content\/uploads\/2019\/06\/08a-2.jpg\" data-gg-title=\"08a\" data-gg-author=\"\" data-gg-descr=\"\" data-img-id=\"10\" rel=\"1993\">  <div class=\"gg_img_inner\"><div class=\"gg_main_img_wrap\"><div class=\"gg_img_wrap_inner\"><img src=\"\" data-gg-lazy-src=\"\/\/hotel-svatytomas.cz\/wp-content\/uploads\/ewpt_cache\/390x0_90_1_c_FFFFFF_d8886c1762362bae0ab7656e2ee7d3b1.jpg\" alt=\"08a\" class=\"gg_photo gg_main_thumb\" \/><noscript><img src=\"https:\/\/hotel-svatytomas.cz\/wp-content\/uploads\/2019\/06\/08a-2.jpg\" alt=\"08a\" \/><\/noscript><\/div><\/div><div class=\"gg_overlays\"><\/div><\/div><\/div><div class=\"gg_img \" data-gg-url=\"https:\/\/hotel-svatytomas.cz\/wp-content\/uploads\/2019\/06\/08-2.jpg\" data-gg-title=\"OLYMPUS DIGITAL CAMERA\" data-gg-author=\"\" data-gg-descr=\"\" data-img-id=\"11\" rel=\"1993\">  <div class=\"gg_img_inner\"><div class=\"gg_main_img_wrap\"><div class=\"gg_img_wrap_inner\"><img src=\"\" data-gg-lazy-src=\"\/\/hotel-svatytomas.cz\/wp-content\/uploads\/ewpt_cache\/390x0_90_1_c_FFFFFF_7777204e8d7cf088747f8837bd4007ec.jpg\" alt=\"OLYMPUS DIGITAL CAMERA\" class=\"gg_photo gg_main_thumb\" \/><noscript><img src=\"https:\/\/hotel-svatytomas.cz\/wp-content\/uploads\/2019\/06\/08-2.jpg\" alt=\"OLYMPUS DIGITAL CAMERA\" \/><\/noscript><\/div><\/div><div class=\"gg_overlays\"><\/div><\/div><\/div><div class=\"gg_img \" data-gg-url=\"https:\/\/hotel-svatytomas.cz\/wp-content\/uploads\/2019\/06\/07-2.jpg\" data-gg-title=\"OLYMPUS DIGITAL CAMERA\" data-gg-author=\"\" data-gg-descr=\"\" data-img-id=\"12\" rel=\"1993\">  <div class=\"gg_img_inner\"><div class=\"gg_main_img_wrap\"><div class=\"gg_img_wrap_inner\"><img src=\"\" data-gg-lazy-src=\"\/\/hotel-svatytomas.cz\/wp-content\/uploads\/ewpt_cache\/390x0_90_1_c_FFFFFF_b8b445dbb6247896a7bb7f160ebefab5.jpg\" alt=\"OLYMPUS DIGITAL CAMERA\" class=\"gg_photo gg_main_thumb\" \/><noscript><img src=\"https:\/\/hotel-svatytomas.cz\/wp-content\/uploads\/2019\/06\/07-2.jpg\" alt=\"OLYMPUS DIGITAL CAMERA\" \/><\/noscript><\/div><\/div><div class=\"gg_overlays\"><\/div><\/div><\/div><div class=\"gg_img \" data-gg-url=\"https:\/\/hotel-svatytomas.cz\/wp-content\/uploads\/2019\/06\/06-2.jpg\" data-gg-title=\"OLYMPUS DIGITAL CAMERA\" data-gg-author=\"\" data-gg-descr=\"\" data-img-id=\"13\" rel=\"1993\">  <div class=\"gg_img_inner\"><div class=\"gg_main_img_wrap\"><div class=\"gg_img_wrap_inner\"><img src=\"\" data-gg-lazy-src=\"\/\/hotel-svatytomas.cz\/wp-content\/uploads\/ewpt_cache\/390x0_90_1_c_FFFFFF_d2cc1d6d4b1fc1400f0f950a04038d64.jpg\" alt=\"OLYMPUS DIGITAL CAMERA\" class=\"gg_photo gg_main_thumb\" \/><noscript><img src=\"https:\/\/hotel-svatytomas.cz\/wp-content\/uploads\/2019\/06\/06-2.jpg\" alt=\"OLYMPUS DIGITAL CAMERA\" \/><\/noscript><\/div><\/div><div class=\"gg_overlays\"><\/div><\/div><\/div><div class=\"gg_img \" data-gg-url=\"https:\/\/hotel-svatytomas.cz\/wp-content\/uploads\/2019\/06\/05-2.jpg\" data-gg-title=\"OLYMPUS DIGITAL CAMERA\" data-gg-author=\"\" data-gg-descr=\"\" data-img-id=\"14\" rel=\"1993\">  <div class=\"gg_img_inner\"><div class=\"gg_main_img_wrap\"><div class=\"gg_img_wrap_inner\"><img src=\"\" data-gg-lazy-src=\"\/\/hotel-svatytomas.cz\/wp-content\/uploads\/ewpt_cache\/390x0_90_1_c_FFFFFF_d8ac0f317acc7fc6d8b68e4c2136ec37.jpg\" alt=\"OLYMPUS DIGITAL CAMERA\" class=\"gg_photo gg_main_thumb\" \/><noscript><img src=\"https:\/\/hotel-svatytomas.cz\/wp-content\/uploads\/2019\/06\/05-2.jpg\" alt=\"OLYMPUS DIGITAL CAMERA\" \/><\/noscript><\/div><\/div><div class=\"gg_overlays\"><\/div><\/div><\/div><div class=\"gg_img \" data-gg-url=\"https:\/\/hotel-svatytomas.cz\/wp-content\/uploads\/2019\/06\/04-1.jpg\" data-gg-title=\"OLYMPUS DIGITAL CAMERA\" data-gg-author=\"\" data-gg-descr=\"\" data-img-id=\"15\" rel=\"1993\">  <div class=\"gg_img_inner\"><div class=\"gg_main_img_wrap\"><div class=\"gg_img_wrap_inner\"><img src=\"\" data-gg-lazy-src=\"\/\/hotel-svatytomas.cz\/wp-content\/uploads\/ewpt_cache\/390x0_90_1_c_FFFFFF_707c886d92e2a821851509b116b640ef.jpg\" alt=\"OLYMPUS DIGITAL CAMERA\" class=\"gg_photo gg_main_thumb\" \/><noscript><img src=\"https:\/\/hotel-svatytomas.cz\/wp-content\/uploads\/2019\/06\/04-1.jpg\" alt=\"OLYMPUS DIGITAL CAMERA\" \/><\/noscript><\/div><\/div><div class=\"gg_overlays\"><\/div><\/div><\/div><div class=\"gg_img \" data-gg-url=\"https:\/\/hotel-svatytomas.cz\/wp-content\/uploads\/2019\/06\/03-3.jpg\" data-gg-title=\"OLYMPUS DIGITAL CAMERA\" data-gg-author=\"\" data-gg-descr=\"\" data-img-id=\"16\" rel=\"1993\">  <div class=\"gg_img_inner\"><div class=\"gg_main_img_wrap\"><div class=\"gg_img_wrap_inner\"><img src=\"\" data-gg-lazy-src=\"\/\/hotel-svatytomas.cz\/wp-content\/uploads\/ewpt_cache\/390x0_90_1_c_FFFFFF_1b7e5b9457b8f5c407b373fbb6b34520.jpg\" alt=\"OLYMPUS DIGITAL CAMERA\" class=\"gg_photo gg_main_thumb\" \/><noscript><img src=\"https:\/\/hotel-svatytomas.cz\/wp-content\/uploads\/2019\/06\/03-3.jpg\" alt=\"OLYMPUS DIGITAL CAMERA\" \/><\/noscript><\/div><\/div><div class=\"gg_overlays\"><\/div><\/div><\/div><div class=\"gg_img \" data-gg-url=\"https:\/\/hotel-svatytomas.cz\/wp-content\/uploads\/2019\/06\/02-1.jpg\" data-gg-title=\"OLYMPUS DIGITAL CAMERA\" data-gg-author=\"\" data-gg-descr=\"\" data-img-id=\"17\" rel=\"1993\">  <div class=\"gg_img_inner\"><div class=\"gg_main_img_wrap\"><div class=\"gg_img_wrap_inner\"><img src=\"\" data-gg-lazy-src=\"\/\/hotel-svatytomas.cz\/wp-content\/uploads\/ewpt_cache\/390x0_90_1_c_FFFFFF_908fb04a6b6b1189bf8f13f660a60486.jpg\" alt=\"OLYMPUS DIGITAL CAMERA\" class=\"gg_photo gg_main_thumb\" \/><noscript><img src=\"https:\/\/hotel-svatytomas.cz\/wp-content\/uploads\/2019\/06\/02-1.jpg\" alt=\"OLYMPUS DIGITAL CAMERA\" \/><\/noscript><\/div><\/div><div class=\"gg_overlays\"><\/div><\/div><\/div><div class=\"gg_img \" data-gg-url=\"https:\/\/hotel-svatytomas.cz\/wp-content\/uploads\/2019\/06\/01-1.jpg\" data-gg-title=\"01\" data-gg-author=\"\" data-gg-descr=\"\" data-img-id=\"18\" rel=\"1993\">  <div class=\"gg_img_inner\"><div class=\"gg_main_img_wrap\"><div class=\"gg_img_wrap_inner\"><img src=\"\" data-gg-lazy-src=\"\/\/hotel-svatytomas.cz\/wp-content\/uploads\/ewpt_cache\/390x0_90_1_c_FFFFFF_8fbf98b018f322dbad61763bae9565bf.jpg\" alt=\"01\" class=\"gg_photo gg_main_thumb\" \/><noscript><img src=\"https:\/\/hotel-svatytomas.cz\/wp-content\/uploads\/2019\/06\/01-1.jpg\" alt=\"01\" \/><\/noscript><\/div><\/div><div class=\"gg_overlays\"><\/div><\/div><\/div><div class=\"gg_img \" data-gg-url=\"https:\/\/hotel-svatytomas.cz\/wp-content\/uploads\/2019\/06\/04-alpy.jpg\" data-gg-title=\"OLYMPUS DIGITAL CAMERA\" data-gg-author=\"\" data-gg-descr=\"\" data-img-id=\"19\" rel=\"1993\">  <div class=\"gg_img_inner\"><div class=\"gg_main_img_wrap\"><div class=\"gg_img_wrap_inner\"><img src=\"\" data-gg-lazy-src=\"\/\/hotel-svatytomas.cz\/wp-content\/uploads\/ewpt_cache\/390x0_90_1_c_FFFFFF_bb5a2a4bedaf018007e08b04e7045708.jpg\" alt=\"OLYMPUS DIGITAL CAMERA\" class=\"gg_photo gg_main_thumb\" \/><noscript><img src=\"https:\/\/hotel-svatytomas.cz\/wp-content\/uploads\/2019\/06\/04-alpy.jpg\" alt=\"OLYMPUS DIGITAL CAMERA\" \/><\/noscript><\/div><\/div><div class=\"gg_overlays\"><\/div><\/div><\/div><\/div><div style=\"clear: both;\"><\/div><\/div><script type=\"text\/javascript\"> jQuery(document).ready(function($) { if(typeof(gg_galleries_init) == \"function\") {gg_galleries_init(\"69ed2ffb91904\"); }});<\/script>\n","protected":false},"excerpt":{"rendered":"","protected":false},"author":2,"featured_media":0,"parent":1974,"menu_order":0,"comment_status":"closed","ping_status":"closed","template":"","meta":{"_et_pb_use_builder":"","_et_pb_old_content":"","_et_gb_content_width":""},"_links":{"self":[{"href":"https:\/\/hotel-svatytomas.cz\/en\/wp-json\/wp\/v2\/pages\/2069"}],"collection":[{"href":"https:\/\/hotel-svatytomas.cz\/en\/wp-json\/wp\/v2\/pages"}],"about":[{"href":"https:\/\/hotel-svatytomas.cz\/en\/wp-json\/wp\/v2\/types\/page"}],"author":[{"embeddable":true,"href":"https:\/\/hotel-svatytomas.cz\/en\/wp-json\/wp\/v2\/users\/2"}],"replies":[{"embeddable":true,"href":"https:\/\/hotel-svatytomas.cz\/en\/wp-json\/wp\/v2\/comments?post=2069"}],"version-history":[{"count":1,"href":"https:\/\/hotel-svatytomas.cz\/en\/wp-json\/wp\/v2\/pages\/2069\/revisions"}],"predecessor-version":[{"id":2071,"href":"https:\/\/hotel-svatytomas.cz\/en\/wp-json\/wp\/v2\/pages\/2069\/revisions\/2071"}],"up":[{"embeddable":true,"href":"https:\/\/hotel-svatytomas.cz\/en\/wp-json\/wp\/v2\/pages\/1974"}],"wp:attachment":[{"href":"https:\/\/hotel-svatytomas.cz\/en\/wp-json\/wp\/v2\/media?parent=2069"}],"curies":[{"name":"wp","href":"https:\/\/api.w.org\/{rel}","templated":true}]}}