{"id":2007,"date":"2019-06-28T12:10:06","date_gmt":"2019-06-28T10:10:06","guid":{"rendered":"http:\/\/hotel-svatytomas.cz\/fotogalerie\/zimni-pohadka\/"},"modified":"2019-07-15T09:27:35","modified_gmt":"2019-07-15T07:27:35","slug":"zimni-pohadka","status":"publish","type":"page","link":"https:\/\/hotel-svatytomas.cz\/en\/photogallery\/zimni-pohadka\/","title":{"rendered":"Winter Story"},"content":{"rendered":"<div id=\"69ed2fd279493\" class=\"gg_gallery_wrap gg_masonry_gallery gid_1981 gg_hidden_ol gg_ol_bottom_mode gg_main_ol_show_on_h \" data-gg_ol=\"default\" data-col-num=\"4\" data-ggom_fx=\"\" data-ggom_timing=\"300\" rel=\"1981\" data-nores-txt=\"No images found in this page\">      <div class=\"gg_loader\">  <div class=\"ggl_1\"><\/div>  <div class=\"ggl_2\"><\/div>  <div class=\"ggl_3\"><\/div>  <div class=\"ggl_4\"><\/div><\/div>  <div class=\"gg_container\"><div class=\"gg_img \" data-gg-url=\"https:\/\/hotel-svatytomas.cz\/wp-content\/uploads\/2019\/06\/40.jpg\" data-gg-title=\"40\" data-gg-author=\"\" data-gg-descr=\"\" data-img-id=\"0\" rel=\"1981\">  <div class=\"gg_img_inner\"><div class=\"gg_main_img_wrap\"><div class=\"gg_img_wrap_inner\"><img src=\"\" data-gg-lazy-src=\"\/\/hotel-svatytomas.cz\/wp-content\/uploads\/ewpt_cache\/390x0_90_1_c_FFFFFF_bff19ff70f714605242619343fda4847.jpg\" alt=\"40\" class=\"gg_photo gg_main_thumb\" \/><noscript><img src=\"https:\/\/hotel-svatytomas.cz\/wp-content\/uploads\/2019\/06\/40.jpg\" alt=\"40\" \/><\/noscript><\/div><\/div><div class=\"gg_overlays\"><\/div><\/div><\/div><div class=\"gg_img \" data-gg-url=\"https:\/\/hotel-svatytomas.cz\/wp-content\/uploads\/2019\/06\/39.jpg\" data-gg-title=\"39\" data-gg-author=\"\" data-gg-descr=\"\" data-img-id=\"1\" rel=\"1981\">  <div class=\"gg_img_inner\"><div class=\"gg_main_img_wrap\"><div class=\"gg_img_wrap_inner\"><img src=\"\" data-gg-lazy-src=\"\/\/hotel-svatytomas.cz\/wp-content\/uploads\/ewpt_cache\/390x0_90_1_c_FFFFFF_8d683846b3657f02005e04e8dd14406b.jpg\" alt=\"39\" class=\"gg_photo gg_main_thumb\" \/><noscript><img src=\"https:\/\/hotel-svatytomas.cz\/wp-content\/uploads\/2019\/06\/39.jpg\" alt=\"39\" \/><\/noscript><\/div><\/div><div class=\"gg_overlays\"><\/div><\/div><\/div><div class=\"gg_img \" data-gg-url=\"https:\/\/hotel-svatytomas.cz\/wp-content\/uploads\/2019\/06\/34.jpg\" data-gg-title=\"34\" data-gg-author=\"\" data-gg-descr=\"\" data-img-id=\"2\" rel=\"1981\">  <div class=\"gg_img_inner\"><div class=\"gg_main_img_wrap\"><div class=\"gg_img_wrap_inner\"><img src=\"\" data-gg-lazy-src=\"\/\/hotel-svatytomas.cz\/wp-content\/uploads\/ewpt_cache\/390x0_90_1_c_FFFFFF_685d699fd9f12ad37bbaee3b99046c58.jpg\" alt=\"34\" class=\"gg_photo gg_main_thumb\" \/><noscript><img src=\"https:\/\/hotel-svatytomas.cz\/wp-content\/uploads\/2019\/06\/34.jpg\" alt=\"34\" \/><\/noscript><\/div><\/div><div class=\"gg_overlays\"><\/div><\/div><\/div><div class=\"gg_img \" data-gg-url=\"https:\/\/hotel-svatytomas.cz\/wp-content\/uploads\/2019\/06\/47.jpg\" data-gg-title=\"47\" data-gg-author=\"\" data-gg-descr=\"\" data-img-id=\"3\" rel=\"1981\">  <div class=\"gg_img_inner\"><div class=\"gg_main_img_wrap\"><div class=\"gg_img_wrap_inner\"><img src=\"\" data-gg-lazy-src=\"\/\/hotel-svatytomas.cz\/wp-content\/uploads\/ewpt_cache\/390x0_90_1_c_FFFFFF_feba360261bdfab9ff25d74e5440bf5b.jpg\" alt=\"47\" class=\"gg_photo gg_main_thumb\" \/><noscript><img src=\"https:\/\/hotel-svatytomas.cz\/wp-content\/uploads\/2019\/06\/47.jpg\" alt=\"47\" \/><\/noscript><\/div><\/div><div class=\"gg_overlays\"><\/div><\/div><\/div><\/div><div style=\"clear: both;\"><\/div><\/div><script type=\"text\/javascript\"> jQuery(document).ready(function($) { if(typeof(gg_galleries_init) == \"function\") {gg_galleries_init(\"69ed2fd279493\"); }});<\/script>\n<p>&nbsp;<\/p>\n<p><iframe loading=\"lazy\" title=\"Hotel Lesovna Svat\u00fd Tom\u00e1\u0161 - zima\" width=\"1200\" height=\"675\" src=\"https:\/\/www.youtube.com\/embed\/ZQz6XMTYxIk?feature=oembed\" frameborder=\"0\" allow=\"accelerometer; autoplay; encrypted-media; gyroscope; picture-in-picture\" allowfullscreen><\/iframe><\/p>\n<p>&nbsp;<\/p>\n<p><iframe loading=\"lazy\" title=\"Hotel Sv. Tom\u00e1\u0161\" width=\"1200\" height=\"675\" src=\"https:\/\/www.youtube.com\/embed\/cRFaAGeq-rM?feature=oembed\" frameborder=\"0\" allow=\"accelerometer; autoplay; encrypted-media; gyroscope; picture-in-picture\" allowfullscreen><\/iframe><\/p>\n<p>&nbsp;<\/p>\n","protected":false},"excerpt":{"rendered":"<p>&nbsp; &nbsp; &nbsp;<\/p>\n","protected":false},"author":2,"featured_media":0,"parent":1974,"menu_order":0,"comment_status":"closed","ping_status":"closed","template":"","meta":{"_et_pb_use_builder":"","_et_pb_old_content":"","_et_gb_content_width":""},"_links":{"self":[{"href":"https:\/\/hotel-svatytomas.cz\/en\/wp-json\/wp\/v2\/pages\/2007"}],"collection":[{"href":"https:\/\/hotel-svatytomas.cz\/en\/wp-json\/wp\/v2\/pages"}],"about":[{"href":"https:\/\/hotel-svatytomas.cz\/en\/wp-json\/wp\/v2\/types\/page"}],"author":[{"embeddable":true,"href":"https:\/\/hotel-svatytomas.cz\/en\/wp-json\/wp\/v2\/users\/2"}],"replies":[{"embeddable":true,"href":"https:\/\/hotel-svatytomas.cz\/en\/wp-json\/wp\/v2\/comments?post=2007"}],"version-history":[{"count":1,"href":"https:\/\/hotel-svatytomas.cz\/en\/wp-json\/wp\/v2\/pages\/2007\/revisions"}],"predecessor-version":[{"id":2009,"href":"https:\/\/hotel-svatytomas.cz\/en\/wp-json\/wp\/v2\/pages\/2007\/revisions\/2009"}],"up":[{"embeddable":true,"href":"https:\/\/hotel-svatytomas.cz\/en\/wp-json\/wp\/v2\/pages\/1974"}],"wp:attachment":[{"href":"https:\/\/hotel-svatytomas.cz\/en\/wp-json\/wp\/v2\/media?parent=2007"}],"curies":[{"name":"wp","href":"https:\/\/api.w.org\/{rel}","templated":true}]}}