{"id":1974,"date":"2019-01-24T10:17:22","date_gmt":"2019-01-24T09:17:22","guid":{"rendered":"http:\/\/hotel-svatytomas.cz\/fotogalerie\/"},"modified":"2019-07-15T20:53:22","modified_gmt":"2019-07-15T18:53:22","slug":"photogallery","status":"publish","type":"page","link":"https:\/\/hotel-svatytomas.cz\/en\/photogallery\/","title":{"rendered":"Photogallery"},"content":{"rendered":"<div id=\"69ed307eac5ec\" class=\"gg_gallery_wrap gg_collection_wrap cid_32\" rel=\"32\" data-ggom_fx=\"\" data-ggom_timing=\"300\">  <table class=\"gg_coll_table\">  <tr><td class=\"gg_coll_table_cell gg_coll_table_first_cell\"><div id=\"ggco_32\" class=\"gg_coll_outer_container  gg_hidden_ol gg_ol_bottom_mode gg_main_ol_show_on_h\" data-gg_ol=\"default\"><div class=\"gg_container gg_coll_container\"><div class=\"gg_loader\">  <div class=\"ggl_1\"><\/div>  <div class=\"ggl_2\"><\/div>  <div class=\"ggl_3\"><\/div>  <div class=\"ggl_4\"><\/div><\/div>  <div class=\"gg_coll_img_wrap ggc_27\">  <div class=\"gg_img gg_coll_img \" rel=\"1977\" data-gall-data=\"eyJpZCI6MTk3NywicmFuZCI6MCwiZmlsdGVycyI6MCwid21hcmsiOjB9\" style=\"padding-bottom: 240px\" >  <div class=\"gg_main_img_wrap\">  <div class=\"gg_img_wrap_inner\">  <img src=\"\" data-gg-lazy-src=\"\/\/hotel-svatytomas.cz\/wp-content\/uploads\/ewpt_cache\/402x240_90_1_c_FFFFFF_29da543b316935af65cb0940a185b105.jpg\" alt=\"St.Thomas from the Air\" class=\"gg_photo gg_main_thumb\" \/>  <noscript><img src=\"\/data\/d\/6\/d670876e-12e9-472b-840c-408a74bbf7fb\/hotel-svatytomas.cz\/www\/wp-content\/uploads\/2019\/06\/11a.jpg\" alt=\"St.Thomas from the Air\" \/><\/noscript>  <\/div>  <\/div>  <div class=\"gg_overlays\"><\/div>  <\/div>  <div class=\"gg_main_overlay_under\"><div class=\"gg_img_title_under\">St.Thomas from the Air<\/div><\/div>  <\/div>  <div class=\"gg_coll_img_wrap ggc_27\">  <div class=\"gg_img gg_coll_img \" rel=\"1979\" data-gall-data=\"eyJpZCI6MTk3OSwicmFuZCI6MCwiZmlsdGVycyI6MCwid21hcmsiOjB9\" style=\"padding-bottom: 240px\" >  <div class=\"gg_main_img_wrap\">  <div class=\"gg_img_wrap_inner\">  <img src=\"\" data-gg-lazy-src=\"\/\/hotel-svatytomas.cz\/wp-content\/uploads\/ewpt_cache\/402x240_90_1_c_FFFFFF_c881946afa9fb59ba2eab7785b08830f.jpg\" alt=\"Year on St.Thomas\" class=\"gg_photo gg_main_thumb\" \/>  <noscript><img src=\"\/data\/d\/6\/d670876e-12e9-472b-840c-408a74bbf7fb\/hotel-svatytomas.cz\/www\/wp-content\/uploads\/2019\/06\/207-leto.jpg\" alt=\"Year on St.Thomas\" \/><\/noscript>  <\/div>  <\/div>  <div class=\"gg_overlays\"><\/div>  <\/div>  <div class=\"gg_main_overlay_under\"><div class=\"gg_img_title_under\">Year on St.Thomas<\/div><\/div>  <\/div>  <div class=\"gg_coll_img_wrap ggc_27\">  <div class=\"gg_img gg_coll_img \" rel=\"1981\" data-gall-data=\"eyJpZCI6MTk4MSwicmFuZCI6MCwiZmlsdGVycyI6MCwid21hcmsiOjB9\" style=\"padding-bottom: 240px\" >  <div class=\"gg_main_img_wrap\">  <div class=\"gg_img_wrap_inner\">  <img src=\"\" data-gg-lazy-src=\"\/\/hotel-svatytomas.cz\/wp-content\/uploads\/ewpt_cache\/402x240_90_1_c_FFFFFF_bff19ff70f714605242619343fda4847.jpg\" alt=\"Winter Story &#8211; Video\" class=\"gg_photo gg_main_thumb\" \/>  <noscript><img src=\"\/data\/d\/6\/d670876e-12e9-472b-840c-408a74bbf7fb\/hotel-svatytomas.cz\/www\/wp-content\/uploads\/2019\/06\/40.jpg\" alt=\"Winter Story &#8211; Video\" \/><\/noscript>  <\/div>  <\/div>  <div class=\"gg_overlays\"><\/div>  <\/div>  <div class=\"gg_main_overlay_under\"><div class=\"gg_img_title_under\">Winter Story &#8211; Video<\/div><\/div>  <\/div>  <div class=\"gg_coll_img_wrap ggc_27\">  <div class=\"gg_img gg_coll_img \" rel=\"1983\" data-gall-data=\"eyJpZCI6MTk4MywicmFuZCI6MCwiZmlsdGVycyI6MCwid21hcmsiOjB9\" style=\"padding-bottom: 240px\" >  <div class=\"gg_main_img_wrap\">  <div class=\"gg_img_wrap_inner\">  <img src=\"\" data-gg-lazy-src=\"\/\/hotel-svatytomas.cz\/wp-content\/uploads\/ewpt_cache\/402x240_90_1_c_FFFFFF_593cd710067c7a4553b2cb8df90fe18b.jpg\" alt=\"Summer in Forests and on Lipno Dam &#8211; Video\" class=\"gg_photo gg_main_thumb\" \/>  <noscript><img src=\"\/data\/d\/6\/d670876e-12e9-472b-840c-408a74bbf7fb\/hotel-svatytomas.cz\/www\/wp-content\/uploads\/2019\/06\/185.jpg\" alt=\"Summer in Forests and on Lipno Dam &#8211; Video\" \/><\/noscript>  <\/div>  <\/div>  <div class=\"gg_overlays\"><\/div>  <\/div>  <div class=\"gg_main_overlay_under\"><div class=\"gg_img_title_under\">Summer in Forests and on Lipno Dam &#8211; Video<\/div><\/div>  <\/div>  <div class=\"gg_coll_img_wrap ggc_27\">  <div class=\"gg_img gg_coll_img \" rel=\"1985\" data-gall-data=\"eyJpZCI6MTk4NSwicmFuZCI6MCwiZmlsdGVycyI6MCwid21hcmsiOjB9\" style=\"padding-bottom: 240px\" >  <div class=\"gg_main_img_wrap\">  <div class=\"gg_img_wrap_inner\">  <img src=\"\" data-gg-lazy-src=\"\/\/hotel-svatytomas.cz\/wp-content\/uploads\/ewpt_cache\/402x240_90_1_c_FFFFFF_ebc6f6284ef48aa8864e6b4f2c450017.jpg\" alt=\"Symphony for Stone and Wood\" class=\"gg_photo gg_main_thumb\" \/>  <noscript><img src=\"\/data\/d\/6\/d670876e-12e9-472b-840c-408a74bbf7fb\/hotel-svatytomas.cz\/www\/wp-content\/uploads\/2019\/06\/13.jpg\" alt=\"Symphony for Stone and Wood\" \/><\/noscript>  <\/div>  <\/div>  <div class=\"gg_overlays\"><\/div>  <\/div>  <div class=\"gg_main_overlay_under\"><div class=\"gg_img_title_under\">Symphony for Stone and Wood<\/div><\/div>  <\/div>  <div class=\"gg_coll_img_wrap ggc_27\">  <div class=\"gg_img gg_coll_img \" rel=\"1987\" data-gall-data=\"eyJpZCI6MTk4NywicmFuZCI6MCwiZmlsdGVycyI6MCwid21hcmsiOjB9\" style=\"padding-bottom: 240px\" >  <div class=\"gg_main_img_wrap\">  <div class=\"gg_img_wrap_inner\">  <img src=\"\" data-gg-lazy-src=\"\/\/hotel-svatytomas.cz\/wp-content\/uploads\/ewpt_cache\/402x240_90_1_c_FFFFFF_34e990673adb02257e6c4ce9e492e766.jpg\" alt=\"Wellness centrum\" class=\"gg_photo gg_main_thumb\" \/>  <noscript><img src=\"\/data\/d\/6\/d670876e-12e9-472b-840c-408a74bbf7fb\/hotel-svatytomas.cz\/www\/wp-content\/uploads\/2019\/06\/9g-solarium.jpg\" alt=\"Wellness centrum\" \/><\/noscript>  <\/div>  <\/div>  <div class=\"gg_overlays\"><\/div>  <\/div>  <div class=\"gg_main_overlay_under\"><div class=\"gg_img_title_under\">Wellness centrum<\/div><\/div>  <\/div>  <div class=\"gg_coll_img_wrap ggc_27\">  <div class=\"gg_img gg_coll_img \" rel=\"1989\" data-gall-data=\"eyJpZCI6MTk4OSwicmFuZCI6MCwiZmlsdGVycyI6MCwid21hcmsiOjB9\" style=\"padding-bottom: 240px\" >  <div class=\"gg_main_img_wrap\">  <div class=\"gg_img_wrap_inner\">  <img src=\"\" data-gg-lazy-src=\"\/\/hotel-svatytomas.cz\/wp-content\/uploads\/ewpt_cache\/402x240_90_1_c_FFFFFF_57a8c6eee5f32d5b8ccc7d43ee3adf9b.jpg\" alt=\"Restaurant &#8211; Chateau Wine Bar &#8211; Court\" class=\"gg_photo gg_main_thumb\" \/>  <noscript><img src=\"\/data\/d\/6\/d670876e-12e9-472b-840c-408a74bbf7fb\/hotel-svatytomas.cz\/www\/wp-content\/uploads\/2019\/06\/08-1.jpg\" alt=\"Restaurant &#8211; Chateau Wine Bar &#8211; Court\" \/><\/noscript>  <\/div>  <\/div>  <div class=\"gg_overlays\"><\/div>  <\/div>  <div class=\"gg_main_overlay_under\"><div class=\"gg_img_title_under\">Restaurant &#8211; Chateau Wine Bar &#8211; Court<\/div><\/div>  <\/div>  <div class=\"gg_coll_img_wrap ggc_27\">  <div class=\"gg_img gg_coll_img \" rel=\"1991\" data-gall-data=\"eyJpZCI6MTk5MSwicmFuZCI6MCwiZmlsdGVycyI6MCwid21hcmsiOjB9\" style=\"padding-bottom: 240px\" >  <div class=\"gg_main_img_wrap\">  <div class=\"gg_img_wrap_inner\">  <img src=\"\" data-gg-lazy-src=\"\/\/hotel-svatytomas.cz\/wp-content\/uploads\/ewpt_cache\/402x240_90_1_c_FFFFFF_73c399b79adb35a993f0401954fbe62b.jpg\" alt=\"Hotel Court\" class=\"gg_photo gg_main_thumb\" \/>  <noscript><img src=\"\/data\/d\/6\/d670876e-12e9-472b-840c-408a74bbf7fb\/hotel-svatytomas.cz\/www\/wp-content\/uploads\/2019\/06\/03a-dvur.jpg\" alt=\"Hotel Court\" \/><\/noscript>  <\/div>  <\/div>  <div class=\"gg_overlays\"><\/div>  <\/div>  <div class=\"gg_main_overlay_under\"><div class=\"gg_img_title_under\">Hotel Court<\/div><\/div>  <\/div>  <div class=\"gg_coll_img_wrap ggc_27\">  <div class=\"gg_img gg_coll_img \" rel=\"1993\" data-gall-data=\"eyJpZCI6MTk5MywicmFuZCI6MCwiZmlsdGVycyI6MCwid21hcmsiOjB9\" style=\"padding-bottom: 240px\" >  <div class=\"gg_main_img_wrap\">  <div class=\"gg_img_wrap_inner\">  <img src=\"\" data-gg-lazy-src=\"\/\/hotel-svatytomas.cz\/wp-content\/uploads\/ewpt_cache\/402x240_90_1_c_FFFFFF_f873d24c4d0d9b723ca062172435ed3a.jpg\" alt=\"Far Views from V\u00edtk\u016fv Hr\u00e1dek\" class=\"gg_photo gg_main_thumb\" \/>  <noscript><img src=\"\/data\/d\/6\/d670876e-12e9-472b-840c-408a74bbf7fb\/hotel-svatytomas.cz\/www\/wp-content\/uploads\/2019\/06\/01-vitkuv-hradek-ze-zhora.jpg\" alt=\"Far Views from V\u00edtk\u016fv Hr\u00e1dek\" \/><\/noscript>  <\/div>  <\/div>  <div class=\"gg_overlays\"><\/div>  <\/div>  <div class=\"gg_main_overlay_under\"><div class=\"gg_img_title_under\">Far Views from V\u00edtk\u016fv Hr\u00e1dek<\/div><\/div>  <\/div>  <div class=\"gg_coll_img_wrap ggc_27\">  <div class=\"gg_img gg_coll_img \" rel=\"1995\" data-gall-data=\"eyJpZCI6MTk5NSwicmFuZCI6MCwiZmlsdGVycyI6MCwid21hcmsiOjB9\" style=\"padding-bottom: 240px\" >  <div class=\"gg_main_img_wrap\">  <div class=\"gg_img_wrap_inner\">  <img src=\"\" data-gg-lazy-src=\"\/\/hotel-svatytomas.cz\/wp-content\/uploads\/ewpt_cache\/402x240_90_1_c_FFFFFF_9fc940ce2cb4ae94347189233c8976d5.jpg\" alt=\"Southbohemian Sea\" class=\"gg_photo gg_main_thumb\" \/>  <noscript><img src=\"\/data\/d\/6\/d670876e-12e9-472b-840c-408a74bbf7fb\/hotel-svatytomas.cz\/www\/wp-content\/uploads\/2019\/06\/03-lipno-slapadlo.jpg\" alt=\"Southbohemian Sea\" \/><\/noscript>  <\/div>  <\/div>  <div class=\"gg_overlays\"><\/div>  <\/div>  <div class=\"gg_main_overlay_under\"><div class=\"gg_img_title_under\">Southbohemian Sea<\/div><\/div>  <\/div>  <div class=\"gg_coll_img_wrap ggc_27\">  <div class=\"gg_img gg_coll_img \" rel=\"1997\" data-gall-data=\"eyJpZCI6MTk5NywicmFuZCI6MCwiZmlsdGVycyI6MCwid21hcmsiOjB9\" style=\"padding-bottom: 240px\" >  <div class=\"gg_main_img_wrap\">  <div class=\"gg_img_wrap_inner\">  <img src=\"\" data-gg-lazy-src=\"\/\/hotel-svatytomas.cz\/wp-content\/uploads\/ewpt_cache\/402x240_90_1_c_FFFFFF_8c27c84db0d15b637de5010f1b2b39fd.jpg\" alt=\"Sports and Activities\" class=\"gg_photo gg_main_thumb\" \/>  <noscript><img src=\"\/data\/d\/6\/d670876e-12e9-472b-840c-408a74bbf7fb\/hotel-svatytomas.cz\/www\/wp-content\/uploads\/2019\/06\/15-inline-brusle.jpg\" alt=\"Sports and Activities\" \/><\/noscript>  <\/div>  <\/div>  <div class=\"gg_overlays\"><\/div>  <\/div>  <div class=\"gg_main_overlay_under\"><div class=\"gg_img_title_under\">Sports and Activities<\/div><\/div>  <\/div>  <div class=\"gg_coll_img_wrap ggc_27\">  <div class=\"gg_img gg_coll_img \" rel=\"1999\" data-gall-data=\"eyJpZCI6MTk5OSwicmFuZCI6MCwiZmlsdGVycyI6MCwid21hcmsiOjB9\" style=\"padding-bottom: 240px\" >  <div class=\"gg_main_img_wrap\">  <div class=\"gg_img_wrap_inner\">  <img src=\"\" data-gg-lazy-src=\"\/\/hotel-svatytomas.cz\/wp-content\/uploads\/ewpt_cache\/402x240_90_1_c_FFFFFF_a7527f77629ed58d169d8216f60868ef.jpg\" alt=\"Winter romance on St. Thomas\" class=\"gg_photo gg_main_thumb\" \/>  <noscript><img src=\"\/data\/d\/6\/d670876e-12e9-472b-840c-408a74bbf7fb\/hotel-svatytomas.cz\/www\/wp-content\/uploads\/2019\/06\/hochfiht-fun-slope.jpg\" alt=\"Winter romance on St. Thomas\" \/><\/noscript>  <\/div>  <\/div>  <div class=\"gg_overlays\"><\/div>  <\/div>  <div class=\"gg_main_overlay_under\"><div class=\"gg_img_title_under\">Winter romance on St. Thomas<\/div><\/div>  <\/div><\/div><\/div><\/td><td class=\"gg_coll_table_cell\"><div class=\"gg_coll_gallery_container\">   <span id=\"gg_cgb_69ed307eac5ec\" class=\"gg_coll_go_back gg_coll_back_to_new_style\">Zp\u011bt do fotogalerie<\/span>   <div class=\"gg_gallery_wrap\"><\/div><\/div><\/td><\/tr><\/table><div style=\"clear: both;\"><\/div><\/div><script type=\"text\/javascript\"> jQuery(document).ready(function($) { if(typeof(gg_galleries_init) == \"function\") {gg_galleries_init(\"69ed307eac5ec\");}});<\/script>\n","protected":false},"excerpt":{"rendered":"","protected":false},"author":1,"featured_media":0,"parent":0,"menu_order":0,"comment_status":"closed","ping_status":"closed","template":"","meta":{"_et_pb_use_builder":"","_et_pb_old_content":"","_et_gb_content_width":""},"_links":{"self":[{"href":"https:\/\/hotel-svatytomas.cz\/en\/wp-json\/wp\/v2\/pages\/1974"}],"collection":[{"href":"https:\/\/hotel-svatytomas.cz\/en\/wp-json\/wp\/v2\/pages"}],"about":[{"href":"https:\/\/hotel-svatytomas.cz\/en\/wp-json\/wp\/v2\/types\/page"}],"author":[{"embeddable":true,"href":"https:\/\/hotel-svatytomas.cz\/en\/wp-json\/wp\/v2\/users\/1"}],"replies":[{"embeddable":true,"href":"https:\/\/hotel-svatytomas.cz\/en\/wp-json\/wp\/v2\/comments?post=1974"}],"version-history":[{"count":2,"href":"https:\/\/hotel-svatytomas.cz\/en\/wp-json\/wp\/v2\/pages\/1974\/revisions"}],"predecessor-version":[{"id":2089,"href":"https:\/\/hotel-svatytomas.cz\/en\/wp-json\/wp\/v2\/pages\/1974\/revisions\/2089"}],"wp:attachment":[{"href":"https:\/\/hotel-svatytomas.cz\/en\/wp-json\/wp\/v2\/media?parent=1974"}],"curies":[{"name":"wp","href":"https:\/\/api.w.org\/{rel}","templated":true}]}}