{"id":2092,"date":"2019-01-24T10:18:12","date_gmt":"2019-01-24T09:18:12","guid":{"rendered":"http:\/\/hotel-svatytomas.cz\/kontakt\/"},"modified":"2024-11-04T13:42:25","modified_gmt":"2024-11-04T12:42:25","slug":"kontakt","status":"publish","type":"page","link":"https:\/\/hotel-svatytomas.cz\/de\/kontakt\/","title":{"rendered":"Kontakt"},"content":{"rendered":"<p>[et_pb_section fb_built=&#8220;1&#8243; _builder_version=&#8220;4.16&#8243; global_colors_info=&#8220;{}&#8220;][et_pb_row column_structure=&#8220;1_2,1_2&#8243; _builder_version=&#8220;4.16&#8243; width=&#8220;100%&#8220; max_width=&#8220;100%&#8220; z_index_tablet=&#8220;500&#8243; box_shadow_horizontal_tablet=&#8220;0px&#8220; box_shadow_vertical_tablet=&#8220;0px&#8220; box_shadow_blur_tablet=&#8220;40px&#8220; box_shadow_spread_tablet=&#8220;0px&#8220; global_colors_info=&#8220;{}&#8220;][et_pb_column type=&#8220;1_2&#8243; _builder_version=&#8220;4.16&#8243; custom_padding=&#8220;|||&#8220; global_colors_info=&#8220;{}&#8220; custom_padding__hover=&#8220;|||&#8220;][et_pb_text _builder_version=&#8220;4.16&#8243; z_index_tablet=&#8220;500&#8243; text_text_shadow_horizontal_length_tablet=&#8220;0px&#8220; text_text_shadow_vertical_length_tablet=&#8220;0px&#8220; text_text_shadow_blur_strength_tablet=&#8220;1px&#8220; link_text_shadow_horizontal_length_tablet=&#8220;0px&#8220; link_text_shadow_vertical_length_tablet=&#8220;0px&#8220; link_text_shadow_blur_strength_tablet=&#8220;1px&#8220; ul_text_shadow_horizontal_length_tablet=&#8220;0px&#8220; ul_text_shadow_vertical_length_tablet=&#8220;0px&#8220; ul_text_shadow_blur_strength_tablet=&#8220;1px&#8220; ol_text_shadow_horizontal_length_tablet=&#8220;0px&#8220; ol_text_shadow_vertical_length_tablet=&#8220;0px&#8220; ol_text_shadow_blur_strength_tablet=&#8220;1px&#8220; quote_text_shadow_horizontal_length_tablet=&#8220;0px&#8220; quote_text_shadow_vertical_length_tablet=&#8220;0px&#8220; quote_text_shadow_blur_strength_tablet=&#8220;1px&#8220; header_text_shadow_horizontal_length_tablet=&#8220;0px&#8220; header_text_shadow_vertical_length_tablet=&#8220;0px&#8220; header_text_shadow_blur_strength_tablet=&#8220;1px&#8220; header_2_text_shadow_horizontal_length_tablet=&#8220;0px&#8220; header_2_text_shadow_vertical_length_tablet=&#8220;0px&#8220; header_2_text_shadow_blur_strength_tablet=&#8220;1px&#8220; header_3_text_shadow_horizontal_length_tablet=&#8220;0px&#8220; header_3_text_shadow_vertical_length_tablet=&#8220;0px&#8220; header_3_text_shadow_blur_strength_tablet=&#8220;1px&#8220; header_4_text_shadow_horizontal_length_tablet=&#8220;0px&#8220; header_4_text_shadow_vertical_length_tablet=&#8220;0px&#8220; header_4_text_shadow_blur_strength_tablet=&#8220;1px&#8220; header_5_text_shadow_horizontal_length_tablet=&#8220;0px&#8220; header_5_text_shadow_vertical_length_tablet=&#8220;0px&#8220; header_5_text_shadow_blur_strength_tablet=&#8220;1px&#8220; header_6_text_shadow_horizontal_length_tablet=&#8220;0px&#8220; header_6_text_shadow_vertical_length_tablet=&#8220;0px&#8220; header_6_text_shadow_blur_strength_tablet=&#8220;1px&#8220; box_shadow_horizontal_tablet=&#8220;0px&#8220; box_shadow_vertical_tablet=&#8220;0px&#8220; box_shadow_blur_tablet=&#8220;40px&#8220; box_shadow_spread_tablet=&#8220;0px&#8220; global_colors_info=&#8220;{}&#8220;]<\/p>\n<h2>Reservierung form<\/h2>\n<p>[\/et_pb_text][et_pb_code admin_label=&#8220;Kod Rezervacniho formulare&#8220; _builder_version=&#8220;4.16&#8243; z_index_tablet=&#8220;500&#8243; global_colors_info=&#8220;{}&#8220;]<div class=\"caldera-grid\" id=\"caldera_form_1\" data-cf-ver=\"1.9.5\" data-cf-form-id=\"CF5d2c48db166af\"><div id=\"caldera_notices_1\" data-spinner=\"https:\/\/hotel-svatytomas.cz\/wp-admin\/images\/spinner.gif\"><\/div><form data-instance=\"1\" class=\"CF5d2c48db166af caldera_forms_form cfajax-trigger\" method=\"POST\" enctype=\"multipart\/form-data\" id=\"CF5d2c48db166af_1\" data-form-id=\"CF5d2c48db166af\" aria-label=\"Rezervace DE\" data-target=\"#caldera_notices_1\" data-template=\"#cfajax_CF5d2c48db166af-tmpl\" data-cfajax=\"CF5d2c48db166af\" data-load-element=\"_parent\" data-load-class=\"cf_processing\" data-post-disable=\"0\" data-action=\"cf_process_ajax_submit\" data-request=\"https:\/\/hotel-svatytomas.cz\/de\/\/cf-api\/CF5d2c48db166af\" data-hiderows=\"true\">\r\n<input type=\"hidden\" id=\"_cf_verify_CF5d2c48db166af\" name=\"_cf_verify\" value=\"da85f69822\"  data-nonce-time=\"1777150812\" \/><input type=\"hidden\" name=\"_wp_http_referer\" value=\"\/de\/wp-json\/wp\/v2\/pages\/2092\" \/><div id=\"cf2-CF5d2c48db166af_1\"><\/div><input type=\"hidden\" name=\"_cf_frm_id\" value=\"CF5d2c48db166af\">\r\n<input type=\"hidden\" name=\"_cf_frm_ct\" value=\"1\">\r\n<input type=\"hidden\" name=\"cfajax\" value=\"CF5d2c48db166af\">\r\n<input type=\"hidden\" name=\"_cf_cr_pst\" value=\"2092\">\r\n<div class=\"hide\" style=\"display:none; overflow:hidden;height:0;width:0;\">\r\n<label>Phone<\/label><input type=\"text\" name=\"phone\" value=\"\" autocomplete=\"off\">\r\n<\/div><div id=\"CF5d2c48db166af_1-row-1\"  class=\"row  first_row\"><div  class=\"col-sm-12  single\"><div class=\"head_row\"><h3>Client-Informationen<\/h3>\n<\/div><\/div><\/div><div id=\"CF5d2c48db166af_1-row-2\"  class=\"row \"><div  class=\"col-sm-12  single\"><div data-field-wrapper=\"fld_185917\" class=\"form-group\" id=\"fld_185917_1-wrap\">\r\n\t<label id=\"fld_185917Label\" for=\"fld_185917_1\" class=\"control-label\">Vorname und Name <span aria-hidden=\"true\" role=\"presentation\" class=\"field_required\" style=\"color:#ee0000;\">*<\/span><\/label>\r\n\t<div class=\"\">\r\n\t\t<input   required type=\"text\" data-field=\"fld_185917\" class=\" form-control\" id=\"fld_185917_1\" name=\"fld_185917\" value=\"\" data-type=\"text\" aria-required=\"true\"   aria-labelledby=\"fld_185917Label\" >\t\t\t<\/div>\r\n<\/div>\r\n<div data-field-wrapper=\"fld_7900587\" class=\"form-group\" id=\"fld_7900587_1-wrap\">\r\n\t<label id=\"fld_7900587Label\" for=\"fld_7900587_1\" class=\"control-label\">E-mail <span aria-hidden=\"true\" role=\"presentation\" class=\"field_required\" style=\"color:#ee0000;\">*<\/span><\/label>\r\n\t<div class=\"\">\r\n\t\t<input   required type=\"email\" data-field=\"fld_7900587\" class=\" form-control\" id=\"fld_7900587_1\" name=\"fld_7900587\" value=\"\" data-type=\"email\" aria-required=\"true\"   aria-labelledby=\"fld_7900587Label\" >\t\t\t<\/div>\r\n<\/div>\r\n<div data-field-wrapper=\"fld_2254781\" class=\"form-group\" id=\"fld_2254781_1-wrap\">\r\n\t<label id=\"fld_2254781Label\" for=\"fld_2254781_1\" class=\"control-label\">Telefon <span aria-hidden=\"true\" role=\"presentation\" class=\"field_required\" style=\"color:#ee0000;\">*<\/span><\/label>\r\n\t<div class=\"\">\r\n\t\t<input   required type=\"text\" data-field=\"fld_2254781\" class=\" form-control\" id=\"fld_2254781_1\" name=\"fld_2254781\" value=\"\" data-type=\"text\" aria-required=\"true\"   aria-labelledby=\"fld_2254781Label\" >\t\t\t<\/div>\r\n<\/div>\r\n<div data-field-wrapper=\"fld_6892512\" class=\"form-group\" id=\"fld_6892512_1-wrap\">\r\n\t<label id=\"fld_6892512Label\" for=\"fld_6892512_1\" class=\"control-label\">Wohnort<\/label>\r\n\t<div class=\"\">\r\n\t\t<input    type=\"text\" data-field=\"fld_6892512\" class=\" form-control\" id=\"fld_6892512_1\" name=\"fld_6892512\" value=\"\" data-type=\"text\"   aria-labelledby=\"fld_6892512Label\" >\t\t\t<\/div>\r\n<\/div>\r\n<\/div><\/div><div id=\"CF5d2c48db166af_1-row-3\"  class=\"row \"><div  class=\"col-sm-12  single\"><div class=\"head_row\"><h3>Informationen \u00fcber das Datum und die Zahl der Menschen<\/h3>\n<\/div><\/div><\/div><div id=\"CF5d2c48db166af_1-row-4\"  class=\"row \"><div  class=\"col-sm-12  single\"><div data-field-wrapper=\"fld_9356744\" class=\"form-group\" id=\"fld_9356744_1-wrap\">\r\n\t<label id=\"fld_9356744Label\" for=\"fld_9356744_1\" class=\"control-label\">Anreisentermin <span aria-hidden=\"true\" role=\"presentation\" class=\"field_required\" style=\"color:#ee0000;\">*<\/span><\/label>\r\n\t<div class=\"\">\r\n\t\t<input   required type=\"date\" data-field=\"fld_9356744\" class=\" form-control\" id=\"fld_9356744_1\" name=\"fld_9356744\" value=\"\" data-type=\"date\" aria-required=\"true\"   aria-labelledby=\"fld_9356744Label\" >\t\t\t<\/div>\r\n<\/div>\r\n<div data-field-wrapper=\"fld_9099709\" class=\"form-group\" id=\"fld_9099709_1-wrap\">\r\n\t<label id=\"fld_9099709Label\" for=\"fld_9099709_1\" class=\"control-label\">Abreisentermin <span aria-hidden=\"true\" role=\"presentation\" class=\"field_required\" style=\"color:#ee0000;\">*<\/span><\/label>\r\n\t<div class=\"\">\r\n\t\t<input   required type=\"date\" data-field=\"fld_9099709\" class=\" form-control\" id=\"fld_9099709_1\" name=\"fld_9099709\" value=\"\" data-type=\"date\" aria-required=\"true\"   aria-labelledby=\"fld_9099709Label\" >\t\t\t<\/div>\r\n<\/div>\r\n<div data-field-wrapper=\"fld_6496615\" class=\"form-group\" id=\"fld_6496615_1-wrap\">\r\n\t<label id=\"fld_6496615Label\" for=\"fld_6496615_1\" class=\"control-label\">Anzahl der Erwachsenen <span aria-hidden=\"true\" role=\"presentation\" class=\"field_required\" style=\"color:#ee0000;\">*<\/span><\/label>\r\n\t<div class=\"\">\r\n\t\t<input   required type=\"number\" data-field=\"fld_6496615\" class=\" form-control\" id=\"fld_6496615_1\" name=\"fld_6496615\" value=\"1\" data-type=\"number\" min=\"1\" step=\"1\" data-parsley-type=\"number\" aria-required=\"true\"   aria-labelledby=\"fld_6496615Label\" >\t\t\t<\/div>\r\n<\/div>\r\n<div data-field-wrapper=\"fld_5630664\" class=\"form-group\" id=\"fld_5630664_1-wrap\">\r\n\t<label id=\"fld_5630664Label\" for=\"fld_5630664_1\" class=\"control-label\">Anzahl der Kinder<\/label>\r\n\t<div class=\"\">\r\n\t\t<input    type=\"number\" data-field=\"fld_5630664\" class=\" form-control\" id=\"fld_5630664_1\" name=\"fld_5630664\" value=\"0\" data-type=\"number\" min=\"0\" step=\"1\" data-parsley-type=\"number\"   aria-labelledby=\"fld_5630664Label\" >\t\t\t<\/div>\r\n<\/div>\r\n<\/div><\/div><div id=\"CF5d2c48db166af_1-row-5\"  class=\"row \"><div  class=\"col-sm-12  single\"><div class=\"head_row\"><h3>Art des Buches<\/h3>\n<\/div><\/div><\/div><div id=\"CF5d2c48db166af_1-row-6\"  class=\"row \"><div  class=\"col-sm-12  single\"><div data-field-wrapper=\"fld_615773\" class=\"form-group\" id=\"fld_615773_1-wrap\">\r\n\t<label id=\"fld_615773Label\" for=\"fld_615773_1\" class=\"control-label\">Reservierungsobjekt<\/label>\r\n\t<div class=\"\">\r\n\t\t<select name=\"fld_615773\" value=\"opt2000442\" data-field=\"fld_615773\" class=\"form-control\" id=\"fld_615773_1\"    aria-labelledby=\"fld_615773Label\" >\n\t\t\t\t\t\t\t<option value=\"Unterkunft\" selected=\"selected\" data-calc-value=\"Accomodation\" >\n\t\t\t\t\t\tUnterkunft\t\t\t\t\t<\/option>\n\t\t\t\t\t\t\t\t\t\t<option value=\"Restaurant\"  data-calc-value=\"Restaurant\" >\n\t\t\t\t\t\tRestaurant\t\t\t\t\t<\/option>\n\t\t\t\t\t\t\t\t\t\t<option value=\"Wohnzimmer\"  data-calc-value=\"Lounge\" >\n\t\t\t\t\t\tWohnzimmer\t\t\t\t\t<\/option>\n\t\t\t\t\t\t\t\t\t\t<option value=\"Weinschenke\"  data-calc-value=\"Wine bar\" >\n\t\t\t\t\t\tWeinschenke\t\t\t\t\t<\/option>\n\t\t\t\t\t\t\t\t\t\t<option value=\"Firmen-Veranstaltung\"  data-calc-value=\"Corporate event\" >\n\t\t\t\t\t\tFirmen-Veranstaltung\t\t\t\t\t<\/option>\n\t\t\t\t\t\t\t<\/select>\n\t\t\t<\/div>\r\n<\/div>\r\n<div data-field-wrapper=\"fld_2582248\" class=\"form-group\" id=\"fld_2582248_1-wrap\">\r\n\t<label id=\"fld_2582248Label\" for=\"fld_2582248_1\" class=\"control-label\">Geplanter Beginn der Veranstaltung<\/label>\r\n\t<div class=\"\">\r\n\t\t<input    type=\"date\" data-field=\"fld_2582248\" class=\" form-control\" id=\"fld_2582248_1\" name=\"fld_2582248\" value=\"\" data-type=\"date\"   aria-labelledby=\"fld_2582248Label\" >\t\t\t<\/div>\r\n<\/div>\r\n<div data-field-wrapper=\"fld_1068798\" class=\"form-group\" id=\"fld_1068798_1-wrap\">\r\n\t<label id=\"fld_1068798Label\" for=\"fld_1068798_1\" class=\"control-label\">Geplantes Ende der Veranstaltung<\/label>\r\n\t<div class=\"\">\r\n\t\t<input    type=\"date\" data-field=\"fld_1068798\" class=\" form-control\" id=\"fld_1068798_1\" name=\"fld_1068798\" value=\"\" data-type=\"date\"   aria-labelledby=\"fld_1068798Label\" >\t\t\t<\/div>\r\n<\/div>\r\n<\/div><\/div><div id=\"CF5d2c48db166af_1-row-7\"  class=\"row  last_row\"><div  class=\"col-sm-12  single\"><div data-field-wrapper=\"fld_4089741\" class=\"form-group\" id=\"fld_4089741_1-wrap\">\r\n\t<label id=\"fld_4089741Label\" for=\"fld_4089741_1\" class=\"control-label\">Bemerkung<\/label>\r\n\t<div class=\"\">\r\n\t\t<textarea name=\"fld_4089741\" value=\"\" data-field=\"fld_4089741\" class=\"form-control\" id=\"fld_4089741_1\" rows=\"4\"    aria-labelledby=\"fld_4089741Label\" ><\/textarea>\n\t\t\t<\/div>\r\n<\/div>\r\n<div data-field-wrapper=\"fld_7167496\" class=\"form-group\" id=\"fld_7167496_1-wrap\">\r\n<div class=\"\">\r\n\t<input  class=\"btn btn-default\" type=\"submit\" name=\"fld_7167496\" id=\"fld_7167496_1\" value=\"ABSENDEN\" data-field=\"fld_7167496\"  >\n<\/div>\r\n<\/div>\r\n\t<input class=\"button_trigger_1\" type=\"hidden\" name=\"fld_7167496\" id=\"fld_7167496_1_btn\" value=\"\" data-field=\"fld_7167496\"  \/>\n<\/div><\/div><\/form>\r\n<\/div>\r\n[\/et_pb_code][\/et_pb_column][et_pb_column type=&#8220;1_2&#8243; _builder_version=&#8220;4.16&#8243; custom_padding=&#8220;|||&#8220; global_colors_info=&#8220;{}&#8220; custom_padding__hover=&#8220;|||&#8220;][et_pb_text _builder_version=&#8220;4.16&#8243; z_index_tablet=&#8220;500&#8243; text_text_shadow_horizontal_length_tablet=&#8220;0px&#8220; text_text_shadow_vertical_length_tablet=&#8220;0px&#8220; text_text_shadow_blur_strength_tablet=&#8220;1px&#8220; link_text_shadow_horizontal_length_tablet=&#8220;0px&#8220; link_text_shadow_vertical_length_tablet=&#8220;0px&#8220; link_text_shadow_blur_strength_tablet=&#8220;1px&#8220; ul_text_shadow_horizontal_length_tablet=&#8220;0px&#8220; ul_text_shadow_vertical_length_tablet=&#8220;0px&#8220; ul_text_shadow_blur_strength_tablet=&#8220;1px&#8220; ol_text_shadow_horizontal_length_tablet=&#8220;0px&#8220; ol_text_shadow_vertical_length_tablet=&#8220;0px&#8220; ol_text_shadow_blur_strength_tablet=&#8220;1px&#8220; quote_text_shadow_horizontal_length_tablet=&#8220;0px&#8220; quote_text_shadow_vertical_length_tablet=&#8220;0px&#8220; quote_text_shadow_blur_strength_tablet=&#8220;1px&#8220; header_text_shadow_horizontal_length_tablet=&#8220;0px&#8220; header_text_shadow_vertical_length_tablet=&#8220;0px&#8220; header_text_shadow_blur_strength_tablet=&#8220;1px&#8220; header_2_text_shadow_horizontal_length_tablet=&#8220;0px&#8220; header_2_text_shadow_vertical_length_tablet=&#8220;0px&#8220; header_2_text_shadow_blur_strength_tablet=&#8220;1px&#8220; header_3_text_shadow_horizontal_length_tablet=&#8220;0px&#8220; header_3_text_shadow_vertical_length_tablet=&#8220;0px&#8220; header_3_text_shadow_blur_strength_tablet=&#8220;1px&#8220; header_4_text_shadow_horizontal_length_tablet=&#8220;0px&#8220; header_4_text_shadow_vertical_length_tablet=&#8220;0px&#8220; header_4_text_shadow_blur_strength_tablet=&#8220;1px&#8220; header_5_text_shadow_horizontal_length_tablet=&#8220;0px&#8220; header_5_text_shadow_vertical_length_tablet=&#8220;0px&#8220; header_5_text_shadow_blur_strength_tablet=&#8220;1px&#8220; header_6_text_shadow_horizontal_length_tablet=&#8220;0px&#8220; header_6_text_shadow_vertical_length_tablet=&#8220;0px&#8220; header_6_text_shadow_blur_strength_tablet=&#8220;1px&#8220; box_shadow_horizontal_tablet=&#8220;0px&#8220; box_shadow_vertical_tablet=&#8220;0px&#8220; box_shadow_blur_tablet=&#8220;40px&#8220; box_shadow_spread_tablet=&#8220;0px&#8220; global_colors_info=&#8220;{}&#8220;]<\/p>\n<div class=\"moduletable\">\n<p><strong>Hotel Svat\u00fd Tom\u00e1\u0161 &#8211; ubytov\u00e1n\u00ed \u0160umava<\/strong><br \/>Svat\u00fd Tom\u00e1\u0161 121<br \/>382&nbsp;73 P\u0159edn\u00ed V\u00fdto\u0148<\/p>\n<p>GPS-Koordinaten des Hotels Sankt Thomas<br \/>48\u00b038&#8217;22.999&#8243;N 14\u00b06&#8217;15.998&#8243;E<\/p>\n<p>Tel.: +420&nbsp;602&nbsp;714&nbsp;794<br \/>E-mail: <a href=\"mailto:hotel@hotel-svatytomas.cz\">hotel@hotel-svatytomas.cz<\/a><br \/><a href=\"http:\/\/www.hotel-svatytomas.cz\">www.hotel-svatytomas.cz<\/a><\/p>\n<\/div>\n<p>[\/et_pb_text][et_pb_code admin_label=&#8220;Mapa&#8220; _builder_version=&#8220;4.16&#8243; z_index_tablet=&#8220;500&#8243; global_colors_info=&#8220;{}&#8220;]<iframe loading=\"lazy\" src=\"https:\/\/www.google.com\/maps\/embed?pb=!1m14!1m8!1m3!1d21091.51260365766!2d14.104471!3d48.639715!3m2!1i1024!2i768!4f13.1!3m3!1m2!1s0x0%3A0x0!2zNDjCsDM4JzIzLjAiTiAxNMKwMDYnMTYuMCJF!5e0!3m2!1scs!2scz!4v1562050589749!5m2!1scs!2scz\" width=\"100%\" height=\"450\" frameborder=\"0\" style=\"border:0\" allowfullscreen><\/iframe><!-- [et_pb_line_break_holder] --><small><a style=\"color: #0000ff; text-align: left;\" href=\"https:\/\/maps.google.cz\/maps?f=q&#038;source=embed&#038;hl=cs&#038;geocode=&#038;q=48%C2%B038'22.999\"N+14%C2%B06'15.998\"E&#038;aq=&#038;sll=49.930008,15.369873&#038;sspn=5.587909,16.907959&#038;brcurrent=5,0,0&#038;ie=UTF8&#038;t=m&#038;ll=48.639715,14.104471&#038;spn=0.019851,0.028324&#038;z=14\" target=\"_blank\" rel=\"noopener noreferrer\">Zv\u011bt\u0161it mapu<\/a><\/small>[\/et_pb_code][et_pb_text _builder_version=&#8220;4.16&#8243; z_index_tablet=&#8220;500&#8243; text_text_shadow_horizontal_length_tablet=&#8220;0px&#8220; text_text_shadow_vertical_length_tablet=&#8220;0px&#8220; text_text_shadow_blur_strength_tablet=&#8220;1px&#8220; link_text_shadow_horizontal_length_tablet=&#8220;0px&#8220; link_text_shadow_vertical_length_tablet=&#8220;0px&#8220; link_text_shadow_blur_strength_tablet=&#8220;1px&#8220; ul_text_shadow_horizontal_length_tablet=&#8220;0px&#8220; ul_text_shadow_vertical_length_tablet=&#8220;0px&#8220; ul_text_shadow_blur_strength_tablet=&#8220;1px&#8220; ol_text_shadow_horizontal_length_tablet=&#8220;0px&#8220; ol_text_shadow_vertical_length_tablet=&#8220;0px&#8220; ol_text_shadow_blur_strength_tablet=&#8220;1px&#8220; quote_text_shadow_horizontal_length_tablet=&#8220;0px&#8220; quote_text_shadow_vertical_length_tablet=&#8220;0px&#8220; quote_text_shadow_blur_strength_tablet=&#8220;1px&#8220; header_text_shadow_horizontal_length_tablet=&#8220;0px&#8220; header_text_shadow_vertical_length_tablet=&#8220;0px&#8220; header_text_shadow_blur_strength_tablet=&#8220;1px&#8220; header_2_text_shadow_horizontal_length_tablet=&#8220;0px&#8220; header_2_text_shadow_vertical_length_tablet=&#8220;0px&#8220; header_2_text_shadow_blur_strength_tablet=&#8220;1px&#8220; header_3_text_shadow_horizontal_length_tablet=&#8220;0px&#8220; header_3_text_shadow_vertical_length_tablet=&#8220;0px&#8220; header_3_text_shadow_blur_strength_tablet=&#8220;1px&#8220; header_4_text_shadow_horizontal_length_tablet=&#8220;0px&#8220; header_4_text_shadow_vertical_length_tablet=&#8220;0px&#8220; header_4_text_shadow_blur_strength_tablet=&#8220;1px&#8220; header_5_text_shadow_horizontal_length_tablet=&#8220;0px&#8220; header_5_text_shadow_vertical_length_tablet=&#8220;0px&#8220; header_5_text_shadow_blur_strength_tablet=&#8220;1px&#8220; header_6_text_shadow_horizontal_length_tablet=&#8220;0px&#8220; header_6_text_shadow_vertical_length_tablet=&#8220;0px&#8220; header_6_text_shadow_blur_strength_tablet=&#8220;1px&#8220; box_shadow_horizontal_tablet=&#8220;0px&#8220; box_shadow_vertical_tablet=&#8220;0px&#8220; box_shadow_blur_tablet=&#8220;40px&#8220; box_shadow_spread_tablet=&#8220;0px&#8220; global_colors_info=&#8220;{}&#8220;]<\/p>\n<p><a title=\"P\u0159\u00edjezd k welness hotelu Svat\u00fd Tom\u00e1\u0161 od \u010cesk\u00e1ch Bud\u011bjovic\" href=\"http:\/\/www.mapy.cz\/#x=14.520164&amp;y=48.760938&amp;z=8&amp;q=hotel%20svat%C3%BD%20tom%C3%A1%C5%A1&amp;qp=10.563070_48.576207_17.564658_50.945353_6&amp;t=r&amp;rc=14.474342_48.974469_14.104244_48.639724&amp;rl=obec%20%C4%8Cesk%C3%A9%20Bud%C4%9Bjovice%2C%20okres%20%C4%8Cesk%C3%A9%20Bud%C4%9Bjovice%2C%20%C4%8Cesk%C3%A1%20republika_Lesovna%2C%20s.r.o.%20-%20Hotel%20Svat%C3%BD%20Tom%C3%A1%C5%A1&amp;rp={%22criterion%22%3A%22fast%22}\" target=\"_blank\" rel=\"noopener noreferrer\">Ankunft aus \u010cesk\u00e9 Bud\u011bjovice<\/a><\/p>\n<p>[\/et_pb_text][\/et_pb_column][\/et_pb_row][\/et_pb_section]<\/p>\n","protected":false},"excerpt":{"rendered":"<p>Reservierung form E-Mail-Adresse Client-Informationen&#8230;<\/p>\n","protected":false},"author":1,"featured_media":0,"parent":0,"menu_order":0,"comment_status":"closed","ping_status":"closed","template":"","meta":{"_et_pb_use_builder":"on","_et_pb_old_content":"","_et_gb_content_width":""},"_links":{"self":[{"href":"https:\/\/hotel-svatytomas.cz\/de\/wp-json\/wp\/v2\/pages\/2092"}],"collection":[{"href":"https:\/\/hotel-svatytomas.cz\/de\/wp-json\/wp\/v2\/pages"}],"about":[{"href":"https:\/\/hotel-svatytomas.cz\/de\/wp-json\/wp\/v2\/types\/page"}],"author":[{"embeddable":true,"href":"https:\/\/hotel-svatytomas.cz\/de\/wp-json\/wp\/v2\/users\/1"}],"replies":[{"embeddable":true,"href":"https:\/\/hotel-svatytomas.cz\/de\/wp-json\/wp\/v2\/comments?post=2092"}],"version-history":[{"count":4,"href":"https:\/\/hotel-svatytomas.cz\/de\/wp-json\/wp\/v2\/pages\/2092\/revisions"}],"predecessor-version":[{"id":3943,"href":"https:\/\/hotel-svatytomas.cz\/de\/wp-json\/wp\/v2\/pages\/2092\/revisions\/3943"}],"wp:attachment":[{"href":"https:\/\/hotel-svatytomas.cz\/de\/wp-json\/wp\/v2\/media?parent=2092"}],"curies":[{"name":"wp","href":"https:\/\/api.w.org\/{rel}","templated":true}]}}