{"id":1941,"date":"2019-01-24T10:13:01","date_gmt":"2019-01-24T09:13:01","guid":{"rendered":"http:\/\/hotel-svatytomas.cz\/jidelni-listek\/"},"modified":"2026-02-17T11:37:31","modified_gmt":"2026-02-17T10:37:31","slug":"speisekarte","status":"publish","type":"page","link":"https:\/\/hotel-svatytomas.cz\/de\/speisekarte\/","title":{"rendered":"Speisekarte"},"content":{"rendered":"<p>[et_pb_section fb_built=&#8220;1&#8243; _builder_version=&#8220;4.16&#8243; global_colors_info=&#8220;{}&#8220;][et_pb_row _builder_version=&#8220;4.16&#8243; background_size=&#8220;initial&#8220; background_position=&#8220;top_left&#8220; background_repeat=&#8220;repeat&#8220; global_colors_info=&#8220;{}&#8220;][et_pb_column type=&#8220;4_4&#8243; _builder_version=&#8220;4.16&#8243; custom_padding=&#8220;|||&#8220; global_colors_info=&#8220;{}&#8220; custom_padding__hover=&#8220;|||&#8220;][et_pb_text admin_label=&#8220;J\u00eddeln\u00ed l\u00edstek&#8220; _builder_version=&#8220;4.16&#8243; z_index_tablet=&#8220;500&#8243; text_text_shadow_horizontal_length_tablet=&#8220;0px&#8220; text_text_shadow_vertical_length_tablet=&#8220;0px&#8220; text_text_shadow_blur_strength_tablet=&#8220;1px&#8220; link_text_shadow_horizontal_length_tablet=&#8220;0px&#8220; link_text_shadow_vertical_length_tablet=&#8220;0px&#8220; link_text_shadow_blur_strength_tablet=&#8220;1px&#8220; ul_text_shadow_horizontal_length_tablet=&#8220;0px&#8220; ul_text_shadow_vertical_length_tablet=&#8220;0px&#8220; ul_text_shadow_blur_strength_tablet=&#8220;1px&#8220; ol_text_shadow_horizontal_length_tablet=&#8220;0px&#8220; ol_text_shadow_vertical_length_tablet=&#8220;0px&#8220; ol_text_shadow_blur_strength_tablet=&#8220;1px&#8220; quote_text_shadow_horizontal_length_tablet=&#8220;0px&#8220; quote_text_shadow_vertical_length_tablet=&#8220;0px&#8220; quote_text_shadow_blur_strength_tablet=&#8220;1px&#8220; header_text_shadow_horizontal_length_tablet=&#8220;0px&#8220; header_text_shadow_vertical_length_tablet=&#8220;0px&#8220; header_text_shadow_blur_strength_tablet=&#8220;1px&#8220; header_2_text_shadow_horizontal_length_tablet=&#8220;0px&#8220; header_2_text_shadow_vertical_length_tablet=&#8220;0px&#8220; header_2_text_shadow_blur_strength_tablet=&#8220;1px&#8220; header_3_text_shadow_horizontal_length_tablet=&#8220;0px&#8220; header_3_text_shadow_vertical_length_tablet=&#8220;0px&#8220; header_3_text_shadow_blur_strength_tablet=&#8220;1px&#8220; header_4_text_shadow_horizontal_length_tablet=&#8220;0px&#8220; header_4_text_shadow_vertical_length_tablet=&#8220;0px&#8220; header_4_text_shadow_blur_strength_tablet=&#8220;1px&#8220; header_5_text_shadow_horizontal_length_tablet=&#8220;0px&#8220; header_5_text_shadow_vertical_length_tablet=&#8220;0px&#8220; header_5_text_shadow_blur_strength_tablet=&#8220;1px&#8220; header_6_text_shadow_horizontal_length_tablet=&#8220;0px&#8220; header_6_text_shadow_vertical_length_tablet=&#8220;0px&#8220; header_6_text_shadow_blur_strength_tablet=&#8220;1px&#8220; box_shadow_horizontal_tablet=&#8220;0px&#8220; box_shadow_vertical_tablet=&#8220;0px&#8220; box_shadow_blur_tablet=&#8220;40px&#8220; box_shadow_spread_tablet=&#8220;0px&#8220; saved_tabs=&#8220;all&#8220; global_colors_info=&#8220;{}&#8220;]<\/p>\n<p>&nbsp;<\/p>\n<h2>Suppen (3dcl)<\/h2>\n<p>Je nach Tagesangebot<\/p>\n<p>&nbsp;<\/p>\n<h2>Vorspeisen<\/h2>\n<p>100g Pikanter Heringsalat mit Zwiebel<\/p>\n<p>1 stk Hausgemachte Wildpastete mit Preiselbeeren, Geb\u00e4ck<\/p>\n<p>&nbsp;<\/p>\n<h2>Fleischlose Gerichte<\/h2>\n<p>300 g Gem\u00fcse Risotto mit K\u00e4se<\/p>\n<p>1 stk Gegrillter K\u00e4se Hermel\u00edn (Camembert) mit Preislbeeren<\/p>\n<p>150 g Eieromelett mit Pilzen, Salzkartoffeln<\/p>\n<p>&nbsp;<\/p>\n<h2>Gefl\u00fcgel<\/h2>\n<p>150g Panierte H\u00fchnerschnitzelchen mit hausgemachtem leichtem Kartoffelsalat, Zitrone<\/p>\n<p>150g H\u00fchnerbrust gef\u00fcllt mit getrockneten Tomaten und Speck<\/p>\n<p>&nbsp;<\/p>\n<h2>Schweinefleisch<\/h2>\n<p>200 g Medaillons vom Schweinskarree mit Zwiebel und Senf<\/p>\n<p>200 g Panierte kleine Schnitzel vom Schweinecarree mit leichtem Kartoffelsalat, Zitrone<\/p>\n<p>200 g Gegrilltes Schweinefilet mit Sahne-Pilz-Sauce<\/p>\n<p>&nbsp;<\/p>\n<h2>Rindfleisch<\/h2>\n<p>\u00a0150 g Rindfleischstreifen mit Speck und gr\u00fcnen Bohnen, Kartoffelp\u00fcree<\/p>\n<p>&nbsp;<\/p>\n<h2>Wildbret<\/h2>\n<p>150 g Wildgulasch, hausgemachte Kn\u00f6del<\/p>\n<p>150 g Gebratene Wildschnitzel mit einem leichten Kartoffelsalat<\/p>\n<p>&nbsp;<\/p>\n<h2>Fisch<\/h2>\n<p>2 stk Gebratene Forelle mit Kr\u00e4utern, Petersilienkartoffeln<\/p>\n<p>200 g\u00a0 Zanderfilet auf Butter mit K\u00fcmmel, Butterkartoffeln<\/p>\n<p>&nbsp;<\/p>\n<h2>Salate<\/h2>\n<p>200 g Gemischter Gem\u00fcsesalat<\/p>\n<p>300 g Gem\u00fcsesalat mit Scharfk\u00e4se und Oliven<\/p>\n<p>350 g Gemischter Salat nach Art der Schlossk\u00fcche mit gegrilltem H\u00fchnerfleisch<\/p>\n<p>&nbsp;<\/p>\n<h2>Beilagen (mindestens 160g\/Portion)<\/h2>\n<p>Salzkartoffeln<\/p>\n<p>Ged\u00fcnster Reis<\/p>\n<p>Bratkartoffeln<\/p>\n<p>Pommes frites<\/p>\n<p>Poschierte Gem\u00fcse<\/p>\n<p>Stampfkartoffeln<\/p>\n<p>Hausgemachter Kartoffelsalat<\/p>\n<p>Kartoffelkroketten<\/p>\n<p>250 g Gegrillte Gem\u00fcse mit Oliven\u00f6l und Kr\u00e4utern\u00a0<\/p>\n<p>&nbsp;<\/p>\n<h2>Couvert<\/h2>\n<p>Geb\u00e4ck (Br\u00f6tchen, Brot, Kornspitz)<\/p>\n<p>Chillisauce, Dressing, Ketchup<\/p>\n<p>Tatarsauce (1 Portion)<\/p>\n<p>&nbsp;<\/p>\n<h2>Desserts<\/h2>\n<p>1 Stk Hausgemachter Apfelstrudel mit Schlagsahne<\/p>\n<p>1 Stk Sachertorte mit Schlagsahne<\/p>\n<p>Eisbecher mit Schlagsahne<\/p>\n<p>Hei\u00dfe Waldfr\u00fcchten mit Eis und Schlagsahne<\/p>\n<p>2 Stk Hausgemachte Pfannkuchen mit Zwetschgenmus und Sauerrahm<\/p>\n<p>2 Stk Hausgemachte Pfannkuchen mit Waldfr\u00fcchten und Schlagsahne<\/p>\n<p>St. Thomas Dessert ( 1 Stk Hausgemachte Liwanze + Kaffee espresso)<\/p>\n<p>&nbsp;<\/p>\n<p style=\"text-align: center;\"><strong>Bei halbe Portion berechnen wir 70% des Vollpreises.<\/strong><\/p>\n<p>[\/et_pb_text][\/et_pb_column][\/et_pb_row][\/et_pb_section]<\/p>\n","protected":false},"excerpt":{"rendered":"<p>&nbsp; Suppen (3dcl) Je nach Tagesangebot &nbsp;&#8230;<\/p>\n","protected":false},"author":1,"featured_media":0,"parent":0,"menu_order":0,"comment_status":"closed","ping_status":"closed","template":"","meta":{"_et_pb_use_builder":"on","_et_pb_old_content":"","_et_gb_content_width":""},"_links":{"self":[{"href":"https:\/\/hotel-svatytomas.cz\/de\/wp-json\/wp\/v2\/pages\/1941"}],"collection":[{"href":"https:\/\/hotel-svatytomas.cz\/de\/wp-json\/wp\/v2\/pages"}],"about":[{"href":"https:\/\/hotel-svatytomas.cz\/de\/wp-json\/wp\/v2\/types\/page"}],"author":[{"embeddable":true,"href":"https:\/\/hotel-svatytomas.cz\/de\/wp-json\/wp\/v2\/users\/1"}],"replies":[{"embeddable":true,"href":"https:\/\/hotel-svatytomas.cz\/de\/wp-json\/wp\/v2\/comments?post=1941"}],"version-history":[{"count":12,"href":"https:\/\/hotel-svatytomas.cz\/de\/wp-json\/wp\/v2\/pages\/1941\/revisions"}],"predecessor-version":[{"id":4633,"href":"https:\/\/hotel-svatytomas.cz\/de\/wp-json\/wp\/v2\/pages\/1941\/revisions\/4633"}],"wp:attachment":[{"href":"https:\/\/hotel-svatytomas.cz\/de\/wp-json\/wp\/v2\/media?parent=1941"}],"curies":[{"name":"wp","href":"https:\/\/api.w.org\/{rel}","templated":true}]}}